{"id":24,"date":"2015-11-27T18:24:18","date_gmt":"2015-11-27T20:24:18","guid":{"rendered":"http:\/\/web.reunidoscontabil.com.br\/?page_id=24"},"modified":"2018-06-22T14:36:14","modified_gmt":"2018-06-22T17:36:14","slug":"facilitador","status":"publish","type":"page","link":"https:\/\/reunidoscontabil.com.br\/?page_id=24","title":{"rendered":"Facilitador"},"content":{"rendered":"<h2>* Suporte Remoto<\/h2>\n<p><a href=\"https:\/\/anydesk.pt\/download?os=win\" target=\"_blank\">&#8211; AnyDesk &#8211; p\/ Windows<\/a><\/p>\n<h2>* Obriga\u00e7\u00f5es<\/h2>\n<p>&#8211; <a href=\"https:\/\/www.sitecontabil.com.br\/agendas\/\" target=\"_blank\">Agendas Federal\/Estaduais\/Trabalhista<\/a><\/p>\n<p>&#8211; <a href=\"http:\/\/www.boletimcontabil.com.br\/conteudo\/novo\/calendarios\/links_calendarios.php\" target=\"_blank\">Obriga\u00e7\u00f5es Fiscais (Calend\u00e1rio &#8211; Federal\/Estadual)<\/a><\/p>\n<h2>* Certid\u00f5es<\/h2>\n<p>&#8211; <a href=\"http:\/\/www.sitecontabil.com.br\/certidoes.htm\" target=\"_blank\">Certid\u00f5es Negativas &#8211; Federal, Estadual e Municipal<\/a><\/p>\n<h2>* Miscel\u00e2nia (diversos)<\/h2>\n<p>&#8211; <a href=\"http:\/\/www.sitecontabil.com.br\/modelos_contrato.htm\" target=\"_blank\">Modelos de Documentos<\/a><\/p>\n<p>&#8211; <a href=\"http:\/\/www.sitecontabil.com.br\/facilitador.htm\" target=\"_blank\">Consultas, Declara\u00e7\u00f5es, Legisla\u00e7\u00f5es e Secretarias Diversas<\/a><\/p>\n<p>&#8211; <a href=\"http:\/\/www.sitecontabil.com.br\/tabelas_praticas.htm\" target=\"_blank\">Tabelas Pr\u00e1ticas<\/a><\/p>\n<p>&#8211; <a href=\"http:\/\/drcalc.net\/calculos.asp?it=0&amp;ml=Calc\" target=\"_blank\">C\u00e1lculos Financeiros e Judiciais &#8211; I<\/a><\/p>\n<p>&#8211; <a href=\"http:\/\/calculoexato.com.br\/\" target=\"_blank\">C\u00e1lculos Financeiros e Judiciais &#8211; II<\/a><\/p>\n<p>&#8211; <a href=\"http:\/\/www.sitecontabil.com.br\/documentos_importantes.htm\" target=\"_blank\">Documentos Importantes, seu arquivamento e prazos<\/a><\/p>\n<h2>* Prazos na Guarda de Documentos<\/h2>\n<p><a href=\"http:\/\/web.reunidoscontabil.com.br\/wp-content\/uploads\/2017\/07\/prazo_comercial.pdf\" target=\"_blank\">&#8211; Comerciais<\/a><\/p>\n<p><a href=\"http:\/\/web.reunidoscontabil.com.br\/wp-content\/uploads\/2017\/07\/prazo_-trabalhista_previdenciario.pdf\" target=\"_blank\">&#8211; Trabalhistas e Previdenci\u00e1rios<\/a><\/p>\n<p><a href=\"http:\/\/web.reunidoscontabil.com.br\/wp-content\/uploads\/2017\/07\/prazo_estadual.pdf\" target=\"_blank\">&#8211; Estaduais<\/a><\/p>\n<p><a href=\"http:\/\/web.reunidoscontabil.com.br\/wp-content\/uploads\/2017\/07\/prazo_municipal.pdf\" target=\"_blank\">&#8211; Municipais<\/a><\/p>\n<p><a href=\"http:\/\/web.reunidoscontabil.com.br\/wp-content\/uploads\/2017\/07\/livros_fiscais.pdf\" target=\"_blank\">\u00a0&#8211; Livros Fiscais<\/a><\/p>\n","protected":false},"excerpt":{"rendered":"<p>* Suporte Remoto &#8211; AnyDesk &#8211; p\/ Windows * Obriga\u00e7\u00f5es &#8211; Agendas Federal\/Estaduais\/Trabalhista &#8211; Obriga\u00e7\u00f5es Fiscais (Calend\u00e1rio &#8211; Federal\/Estadual) * Certid\u00f5es &#8211; Certid\u00f5es Negativas &#8211; Federal, Estadual e Municipal * Miscel\u00e2nia (diversos) &#8211; Modelos de Documentos &#8211; Consultas, Declara\u00e7\u00f5es, Legisla\u00e7\u00f5es e Secretarias Diversas &#8211; Tabelas Pr\u00e1ticas &#8211; C\u00e1lculos Financeiros e Judiciais &#8211; I &#8211; C\u00e1lculos [&hellip;]<\/p>\n","protected":false},"author":1,"featured_media":175,"parent":0,"menu_order":6,"comment_status":"closed","ping_status":"closed","template":"","meta":{"jetpack_post_was_ever_published":false,"footnotes":""},"class_list":["post-24","page","type-page","status-publish","has-post-thumbnail","hentry"],"jetpack_sharing_enabled":true,"jetpack_shortlink":"https:\/\/wp.me\/P9irIL-o","jetpack-related-posts":[{"id":12,"url":"https:\/\/reunidoscontabil.com.br\/?page_id=12","url_meta":{"origin":24,"position":0},"title":"Servi\u00e7os","author":"admin","date":"27 de novembro de 2015","format":false,"excerpt":"Reunidos Contabilidade \u00e9 uma empresa do segmento cont\u00e1bil preocupada com a satisfa\u00e7\u00e3o dos seus clientes, e desta forma procura atende-los de forma acolhedora e eficaz. Nossos servi\u00e7os s\u00e3o pautados em: Execu\u00e7\u00e3o de servi\u00e7os segmentados nos \u00e2mbitos Cont\u00e1bil, Tribut\u00e1rio, Fiscal e Trabalhista e Previdenci\u00e1rio; Execu\u00e7\u00e3o das rotinas referidas nos segmentos acima;\u2026","rel":"","context":"Post similar","block_context":{"text":"Post similar","link":""},"img":{"alt_text":"","src":"","width":0,"height":0},"classes":[]},{"id":28,"url":"https:\/\/reunidoscontabil.com.br\/?page_id=28","url_meta":{"origin":24,"position":1},"title":"PQEC","author":"admin","date":"27 de novembro de 2015","format":false,"excerpt":"PQEC - \"Programa de Qualidade das Empresas Cont\u00e1beis\", \u00e9 um Programa de Certifica\u00e7\u00e3o que reconhece empresas cont\u00e1beis comprometidas com a \u00e9tica e a qualidade dos servi\u00e7os prestados. Criado pelo SESCON-SP e AESCON-SP, o PQEC tem como objetivo incentivar as empresas de servi\u00e7os cont\u00e1beis \u00e0 melhoria cont\u00ednua de seus processos e\u2026","rel":"","context":"Post similar","block_context":{"text":"Post similar","link":""},"img":{"alt_text":"","src":"","width":0,"height":0},"classes":[]},{"id":26,"url":"https:\/\/reunidoscontabil.com.br\/?page_id=26","url_meta":{"origin":24,"position":2},"title":"Miss\u00e3o|Vis\u00e3o|Valores","author":"admin","date":"27 de novembro de 2015","format":false,"excerpt":"Miss\u00e3o Assessorar e executar tecnicamente as informa\u00e7\u00f5es para tomada de decis\u00f5es e sustentabilidade dos clientes, prestando servi\u00e7os com qualidade e compet\u00eancia, valorizando os talentos internos e priorizando a excel\u00eancia no atendimento. Vis\u00e3o Ser uma empresa modelo com excel\u00eancia no segmento Cont\u00e1bil, buscando inova\u00e7\u00f5es tecnol\u00f3gicas, objetivando a otimiza\u00e7\u00e3o de tempo, redu\u00e7\u00e3o\u2026","rel":"","context":"Post similar","block_context":{"text":"Post similar","link":""},"img":{"alt_text":"","src":"https:\/\/i0.wp.com\/reunidoscontabil.com.br\/wp-content\/uploads\/2015\/11\/mvv.png?resize=350%2C200&ssl=1","width":350,"height":200,"srcset":"https:\/\/i0.wp.com\/reunidoscontabil.com.br\/wp-content\/uploads\/2015\/11\/mvv.png?resize=350%2C200&ssl=1 1x, https:\/\/i0.wp.com\/reunidoscontabil.com.br\/wp-content\/uploads\/2015\/11\/mvv.png?resize=525%2C300&ssl=1 1.5x"},"classes":[]},{"id":8,"url":"https:\/\/reunidoscontabil.com.br\/","url_meta":{"origin":24,"position":3},"title":"Empresa","author":"admin","date":"27 de novembro de 2015","format":false,"excerpt":"Empresa que atua no ramo da Contabilidade para ind\u00fastrias, com\u00e9rcios, condom\u00ednios, associa\u00e7\u00f5es em geral e prestadores de servi\u00e7os. Sediada na cidade de S\u00e3o Jos\u00e9 do Rio Preto - SP, desde 1983 sob esta dire\u00e7\u00e3o, portanto a mais de 35 anos prestando servi\u00e7os para empresas localizadas em S\u00e3o Jos\u00e9 do Rio\u2026","rel":"","context":"Post similar","block_context":{"text":"Post similar","link":""},"img":{"alt_text":"","src":"","width":0,"height":0},"classes":[]},{"id":73,"url":"https:\/\/reunidoscontabil.com.br\/?page_id=73","url_meta":{"origin":24,"position":4},"title":"Contato","author":"admin","date":"1 de dezembro de 2015","format":false,"excerpt":"Rua Marechal Deodoro da Fonseca, n\u00ba 3806, Salas 11 e 12 \u00a0 Edif. Jesus Cristo, Bairro Santa Cruz \u00a0 CEP: 15014-060 | S\u00e3o Jos\u00e9 do Rio Preto - SP \u00a0\u00a0 Fone\/WhatsApp: +55 (17) 3122-7000 \u00a0\u00a0 E-mail: reunidos@reunidoscontabil.com.br \u00a0","rel":"","context":"Post similar","block_context":{"text":"Post similar","link":""},"img":{"alt_text":"","src":"","width":0,"height":0},"classes":[]}],"_links":{"self":[{"href":"https:\/\/reunidoscontabil.com.br\/index.php?rest_route=\/wp\/v2\/pages\/24","targetHints":{"allow":["GET"]}}],"collection":[{"href":"https:\/\/reunidoscontabil.com.br\/index.php?rest_route=\/wp\/v2\/pages"}],"about":[{"href":"https:\/\/reunidoscontabil.com.br\/index.php?rest_route=\/wp\/v2\/types\/page"}],"author":[{"embeddable":true,"href":"https:\/\/reunidoscontabil.com.br\/index.php?rest_route=\/wp\/v2\/users\/1"}],"replies":[{"embeddable":true,"href":"https:\/\/reunidoscontabil.com.br\/index.php?rest_route=%2Fwp%2Fv2%2Fcomments&post=24"}],"version-history":[{"count":19,"href":"https:\/\/reunidoscontabil.com.br\/index.php?rest_route=\/wp\/v2\/pages\/24\/revisions"}],"predecessor-version":[{"id":292,"href":"https:\/\/reunidoscontabil.com.br\/index.php?rest_route=\/wp\/v2\/pages\/24\/revisions\/292"}],"wp:featuredmedia":[{"embeddable":true,"href":"https:\/\/reunidoscontabil.com.br\/index.php?rest_route=\/wp\/v2\/media\/175"}],"wp:attachment":[{"href":"https:\/\/reunidoscontabil.com.br\/index.php?rest_route=%2Fwp%2Fv2%2Fmedia&parent=24"}],"curies":[{"name":"wp","href":"https:\/\/api.w.org\/{rel}","templated":true}]}}