{"id":28,"date":"2015-11-27T18:25:58","date_gmt":"2015-11-27T20:25:58","guid":{"rendered":"http:\/\/web.reunidoscontabil.com.br\/?page_id=28"},"modified":"2018-05-07T09:18:59","modified_gmt":"2018-05-07T11:18:59","slug":"pqec","status":"publish","type":"page","link":"https:\/\/reunidoscontabil.com.br\/?page_id=28","title":{"rendered":"PQEC"},"content":{"rendered":"<p><strong>PQEC &#8211; &#8220;Programa de Qualidade das Empresas Cont\u00e1beis&#8221;, \u00e9 um Programa de Certifica\u00e7\u00e3o que reconhece empresas cont\u00e1beis comprometidas com a \u00e9tica e a qualidade dos servi\u00e7os prestados.<br \/>\n<\/strong><br \/>\nCriado pelo SESCON-SP e AESCON-SP, o PQEC tem como objetivo incentivar as empresas de servi\u00e7os cont\u00e1beis \u00e0 melhoria cont\u00ednua de seus processos e servi\u00e7os, sendo o <strong>Reunidos Contabilidade <\/strong>certificado neste Programa de Qualidade desde o ano de 2011 visando aprimorar a excel\u00eancia e qualidade em seus processos e atendimentos.<\/p>\n<p>Visando \u00e0 capacita\u00e7\u00e3o dos profissionais, assim como o aprimoramento dos processos, o PQEC foi elaborado e \u00e9 realizado em parceria com a ABNT (Associa\u00e7\u00e3o Brasileira de Normas T\u00e9cnicas).<\/p>\n<p><strong>Benef\u00edcios para as empresas que possuem o selo PQEC:<\/strong><br \/>\n<strong>\u2013 Aprimoramento dos processos internos e estrutura;<\/strong><br \/>\n<strong>\u2013 Capacita\u00e7\u00e3o e atualiza\u00e7\u00e3o profissional;<\/strong><br \/>\n<strong>\u2013 Diferencial de mercado;<\/strong><br \/>\n<strong>\u2013 Atualiza\u00e7\u00e3o de acordo com as mudan\u00e7as do mercado e a globaliza\u00e7\u00e3o do setor;<\/strong><br \/>\n<strong>\u2013 Fideliza\u00e7\u00e3o dos clientes;<\/strong><br \/>\n<strong>\u2013 Qualidade nos servi\u00e7os prestados;<\/strong><br \/>\n<strong>\u2013 Novas tend\u00eancias de atua\u00e7\u00e3o;<\/strong><br \/>\n<strong>\u2013 Melhoria cont\u00ednua nos servi\u00e7os prestados.<\/strong><\/p>\n<p>Abaixo, nossos selos do PQEC, sinais de comprometimento e qualidade para com nossos clientes.<\/p>\n<p><a href=\"http:\/\/web.reunidoscontabil.com.br\/wp-content\/uploads\/2015\/11\/pqec-2011.jpg\"><img loading=\"lazy\" decoding=\"async\" data-attachment-id=\"184\" data-permalink=\"https:\/\/reunidoscontabil.com.br\/?attachment_id=184\" data-orig-file=\"https:\/\/reunidoscontabil.com.br\/wp-content\/uploads\/2015\/11\/pqec-2011.jpg\" data-orig-size=\"237,213\" data-comments-opened=\"0\" data-image-meta=\"{&quot;aperture&quot;:&quot;0&quot;,&quot;credit&quot;:&quot;&quot;,&quot;camera&quot;:&quot;&quot;,&quot;caption&quot;:&quot;&quot;,&quot;created_timestamp&quot;:&quot;0&quot;,&quot;copyright&quot;:&quot;&quot;,&quot;focal_length&quot;:&quot;0&quot;,&quot;iso&quot;:&quot;0&quot;,&quot;shutter_speed&quot;:&quot;0&quot;,&quot;title&quot;:&quot;&quot;,&quot;orientation&quot;:&quot;0&quot;}\" data-image-title=\"pqec-2011\" data-image-description=\"\" data-image-caption=\"\" data-medium-file=\"https:\/\/reunidoscontabil.com.br\/wp-content\/uploads\/2015\/11\/pqec-2011.jpg\" data-large-file=\"https:\/\/reunidoscontabil.com.br\/wp-content\/uploads\/2015\/11\/pqec-2011.jpg\" class=\"alignnone wp-image-184\" src=\"http:\/\/web.reunidoscontabil.com.br\/wp-content\/uploads\/2015\/11\/pqec-2011.jpg\" alt=\"pqec-2011\" width=\"170\" height=\"153\" \/><\/a><a href=\"http:\/\/web.reunidoscontabil.com.br\/wp-content\/uploads\/2015\/11\/pqec-2012.jpg\"><img loading=\"lazy\" decoding=\"async\" data-attachment-id=\"185\" data-permalink=\"https:\/\/reunidoscontabil.com.br\/?attachment_id=185\" data-orig-file=\"https:\/\/reunidoscontabil.com.br\/wp-content\/uploads\/2015\/11\/pqec-2012.jpg\" data-orig-size=\"1772,1590\" data-comments-opened=\"0\" data-image-meta=\"{&quot;aperture&quot;:&quot;0&quot;,&quot;credit&quot;:&quot;&quot;,&quot;camera&quot;:&quot;&quot;,&quot;caption&quot;:&quot;&quot;,&quot;created_timestamp&quot;:&quot;0&quot;,&quot;copyright&quot;:&quot;&quot;,&quot;focal_length&quot;:&quot;0&quot;,&quot;iso&quot;:&quot;0&quot;,&quot;shutter_speed&quot;:&quot;0&quot;,&quot;title&quot;:&quot;&quot;,&quot;orientation&quot;:&quot;0&quot;}\" data-image-title=\"pqec-2012\" data-image-description=\"\" data-image-caption=\"\" data-medium-file=\"https:\/\/reunidoscontabil.com.br\/wp-content\/uploads\/2015\/11\/pqec-2012-300x269.jpg\" data-large-file=\"https:\/\/reunidoscontabil.com.br\/wp-content\/uploads\/2015\/11\/pqec-2012-1024x919.jpg\" class=\"alignnone wp-image-185\" src=\"http:\/\/web.reunidoscontabil.com.br\/wp-content\/uploads\/2015\/11\/pqec-2012-300x269.jpg\" alt=\"pqec-2012\" width=\"171\" height=\"153\" srcset=\"https:\/\/reunidoscontabil.com.br\/wp-content\/uploads\/2015\/11\/pqec-2012-300x269.jpg 300w, https:\/\/reunidoscontabil.com.br\/wp-content\/uploads\/2015\/11\/pqec-2012-1024x919.jpg 1024w, https:\/\/reunidoscontabil.com.br\/wp-content\/uploads\/2015\/11\/pqec-2012.jpg 1772w\" sizes=\"auto, (max-width: 171px) 100vw, 171px\" \/><\/a><a href=\"http:\/\/web.reunidoscontabil.com.br\/wp-content\/uploads\/2015\/11\/pqec-2013.png\"><img loading=\"lazy\" decoding=\"async\" data-attachment-id=\"186\" data-permalink=\"https:\/\/reunidoscontabil.com.br\/?attachment_id=186\" data-orig-file=\"https:\/\/reunidoscontabil.com.br\/wp-content\/uploads\/2015\/11\/pqec-2013.png\" data-orig-size=\"425,382\" data-comments-opened=\"0\" data-image-meta=\"{&quot;aperture&quot;:&quot;0&quot;,&quot;credit&quot;:&quot;&quot;,&quot;camera&quot;:&quot;&quot;,&quot;caption&quot;:&quot;&quot;,&quot;created_timestamp&quot;:&quot;0&quot;,&quot;copyright&quot;:&quot;&quot;,&quot;focal_length&quot;:&quot;0&quot;,&quot;iso&quot;:&quot;0&quot;,&quot;shutter_speed&quot;:&quot;0&quot;,&quot;title&quot;:&quot;&quot;,&quot;orientation&quot;:&quot;0&quot;}\" data-image-title=\"pqec-2013\" data-image-description=\"\" data-image-caption=\"\" data-medium-file=\"https:\/\/reunidoscontabil.com.br\/wp-content\/uploads\/2015\/11\/pqec-2013-300x270.png\" data-large-file=\"https:\/\/reunidoscontabil.com.br\/wp-content\/uploads\/2015\/11\/pqec-2013.png\" class=\"alignnone wp-image-186\" src=\"http:\/\/web.reunidoscontabil.com.br\/wp-content\/uploads\/2015\/11\/pqec-2013-300x270.png\" alt=\"pqec-2013\" width=\"170\" height=\"153\" srcset=\"https:\/\/reunidoscontabil.com.br\/wp-content\/uploads\/2015\/11\/pqec-2013-300x270.png 300w, https:\/\/reunidoscontabil.com.br\/wp-content\/uploads\/2015\/11\/pqec-2013.png 425w\" sizes=\"auto, (max-width: 170px) 100vw, 170px\" \/><\/a><a href=\"http:\/\/web.reunidoscontabil.com.br\/wp-content\/uploads\/2015\/11\/pqec-2014.jpg\"><img loading=\"lazy\" decoding=\"async\" data-attachment-id=\"187\" data-permalink=\"https:\/\/reunidoscontabil.com.br\/?attachment_id=187\" data-orig-file=\"https:\/\/reunidoscontabil.com.br\/wp-content\/uploads\/2015\/11\/pqec-2014.jpg\" data-orig-size=\"426,383\" data-comments-opened=\"0\" data-image-meta=\"{&quot;aperture&quot;:&quot;0&quot;,&quot;credit&quot;:&quot;&quot;,&quot;camera&quot;:&quot;&quot;,&quot;caption&quot;:&quot;&quot;,&quot;created_timestamp&quot;:&quot;0&quot;,&quot;copyright&quot;:&quot;&quot;,&quot;focal_length&quot;:&quot;0&quot;,&quot;iso&quot;:&quot;0&quot;,&quot;shutter_speed&quot;:&quot;0&quot;,&quot;title&quot;:&quot;&quot;,&quot;orientation&quot;:&quot;0&quot;}\" data-image-title=\"pqec-2014\" data-image-description=\"\" data-image-caption=\"\" data-medium-file=\"https:\/\/reunidoscontabil.com.br\/wp-content\/uploads\/2015\/11\/pqec-2014-300x270.jpg\" data-large-file=\"https:\/\/reunidoscontabil.com.br\/wp-content\/uploads\/2015\/11\/pqec-2014.jpg\" class=\"alignnone wp-image-187\" src=\"http:\/\/web.reunidoscontabil.com.br\/wp-content\/uploads\/2015\/11\/pqec-2014-300x270.jpg\" alt=\"pqec-2014\" width=\"170\" height=\"153\" srcset=\"https:\/\/reunidoscontabil.com.br\/wp-content\/uploads\/2015\/11\/pqec-2014-300x270.jpg 300w, https:\/\/reunidoscontabil.com.br\/wp-content\/uploads\/2015\/11\/pqec-2014.jpg 426w\" sizes=\"auto, (max-width: 170px) 100vw, 170px\" \/><\/a><a href=\"http:\/\/web.reunidoscontabil.com.br\/wp-content\/uploads\/2015\/11\/pqec-2015.jpg\"><img loading=\"lazy\" decoding=\"async\" data-attachment-id=\"181\" data-permalink=\"https:\/\/reunidoscontabil.com.br\/?attachment_id=181\" data-orig-file=\"https:\/\/reunidoscontabil.com.br\/wp-content\/uploads\/2015\/11\/pqec-2015.jpg\" data-orig-size=\"1772,1590\" data-comments-opened=\"0\" data-image-meta=\"{&quot;aperture&quot;:&quot;0&quot;,&quot;credit&quot;:&quot;&quot;,&quot;camera&quot;:&quot;&quot;,&quot;caption&quot;:&quot;&quot;,&quot;created_timestamp&quot;:&quot;0&quot;,&quot;copyright&quot;:&quot;&quot;,&quot;focal_length&quot;:&quot;0&quot;,&quot;iso&quot;:&quot;0&quot;,&quot;shutter_speed&quot;:&quot;0&quot;,&quot;title&quot;:&quot;&quot;,&quot;orientation&quot;:&quot;0&quot;}\" data-image-title=\"pqec-2015\" data-image-description=\"\" data-image-caption=\"\" data-medium-file=\"https:\/\/reunidoscontabil.com.br\/wp-content\/uploads\/2015\/11\/pqec-2015-300x269.jpg\" data-large-file=\"https:\/\/reunidoscontabil.com.br\/wp-content\/uploads\/2015\/11\/pqec-2015-1024x919.jpg\" class=\"alignnone wp-image-181\" src=\"http:\/\/web.reunidoscontabil.com.br\/wp-content\/uploads\/2015\/11\/pqec-2015-300x269.jpg\" alt=\"pqec-2015\" width=\"170\" height=\"153\" srcset=\"https:\/\/reunidoscontabil.com.br\/wp-content\/uploads\/2015\/11\/pqec-2015-300x269.jpg 300w, https:\/\/reunidoscontabil.com.br\/wp-content\/uploads\/2015\/11\/pqec-2015-1024x919.jpg 1024w, https:\/\/reunidoscontabil.com.br\/wp-content\/uploads\/2015\/11\/pqec-2015.jpg 1772w\" sizes=\"auto, (max-width: 170px) 100vw, 170px\" \/><\/a><a href=\"http:\/\/web.reunidoscontabil.com.br\/wp-content\/uploads\/2015\/11\/pqec-2016.jpg\"><img loading=\"lazy\" decoding=\"async\" data-attachment-id=\"182\" data-permalink=\"https:\/\/reunidoscontabil.com.br\/?attachment_id=182\" data-orig-file=\"https:\/\/reunidoscontabil.com.br\/wp-content\/uploads\/2015\/11\/pqec-2016.jpg\" data-orig-size=\"1772,1590\" data-comments-opened=\"0\" data-image-meta=\"{&quot;aperture&quot;:&quot;0&quot;,&quot;credit&quot;:&quot;&quot;,&quot;camera&quot;:&quot;&quot;,&quot;caption&quot;:&quot;&quot;,&quot;created_timestamp&quot;:&quot;0&quot;,&quot;copyright&quot;:&quot;&quot;,&quot;focal_length&quot;:&quot;0&quot;,&quot;iso&quot;:&quot;0&quot;,&quot;shutter_speed&quot;:&quot;0&quot;,&quot;title&quot;:&quot;&quot;,&quot;orientation&quot;:&quot;0&quot;}\" data-image-title=\"pqec-2016\" data-image-description=\"\" data-image-caption=\"\" data-medium-file=\"https:\/\/reunidoscontabil.com.br\/wp-content\/uploads\/2015\/11\/pqec-2016-300x269.jpg\" data-large-file=\"https:\/\/reunidoscontabil.com.br\/wp-content\/uploads\/2015\/11\/pqec-2016-1024x919.jpg\" class=\"alignnone wp-image-182\" src=\"http:\/\/web.reunidoscontabil.com.br\/wp-content\/uploads\/2015\/11\/pqec-2016-300x269.jpg\" alt=\"pqec-2016\" width=\"171\" height=\"153\" srcset=\"https:\/\/reunidoscontabil.com.br\/wp-content\/uploads\/2015\/11\/pqec-2016-300x269.jpg 300w, https:\/\/reunidoscontabil.com.br\/wp-content\/uploads\/2015\/11\/pqec-2016-1024x919.jpg 1024w, https:\/\/reunidoscontabil.com.br\/wp-content\/uploads\/2015\/11\/pqec-2016.jpg 1772w\" sizes=\"auto, (max-width: 171px) 100vw, 171px\" \/><\/a><a href=\"http:\/\/web.reunidoscontabil.com.br\/wp-content\/uploads\/2015\/11\/pqec-2017.jpg\"><img loading=\"lazy\" decoding=\"async\" data-attachment-id=\"183\" data-permalink=\"https:\/\/reunidoscontabil.com.br\/?attachment_id=183\" data-orig-file=\"https:\/\/reunidoscontabil.com.br\/wp-content\/uploads\/2015\/11\/pqec-2017.jpg\" data-orig-size=\"1772,1591\" data-comments-opened=\"0\" data-image-meta=\"{&quot;aperture&quot;:&quot;0&quot;,&quot;credit&quot;:&quot;&quot;,&quot;camera&quot;:&quot;&quot;,&quot;caption&quot;:&quot;&quot;,&quot;created_timestamp&quot;:&quot;0&quot;,&quot;copyright&quot;:&quot;&quot;,&quot;focal_length&quot;:&quot;0&quot;,&quot;iso&quot;:&quot;0&quot;,&quot;shutter_speed&quot;:&quot;0&quot;,&quot;title&quot;:&quot;&quot;,&quot;orientation&quot;:&quot;0&quot;}\" data-image-title=\"pqec-2017\" data-image-description=\"\" data-image-caption=\"\" data-medium-file=\"https:\/\/reunidoscontabil.com.br\/wp-content\/uploads\/2015\/11\/pqec-2017-300x269.jpg\" data-large-file=\"https:\/\/reunidoscontabil.com.br\/wp-content\/uploads\/2015\/11\/pqec-2017-1024x919.jpg\" class=\"alignnone wp-image-183\" src=\"http:\/\/web.reunidoscontabil.com.br\/wp-content\/uploads\/2015\/11\/pqec-2017-300x269.jpg\" alt=\"pqec-2017\" width=\"170\" height=\"153\" srcset=\"https:\/\/reunidoscontabil.com.br\/wp-content\/uploads\/2015\/11\/pqec-2017-300x269.jpg 300w, https:\/\/reunidoscontabil.com.br\/wp-content\/uploads\/2015\/11\/pqec-2017-1024x919.jpg 1024w, https:\/\/reunidoscontabil.com.br\/wp-content\/uploads\/2015\/11\/pqec-2017.jpg 1772w\" sizes=\"auto, (max-width: 170px) 100vw, 170px\" \/><\/a><a href=\"http:\/\/web.reunidoscontabil.com.br\/wp-content\/uploads\/2018\/05\/Selo-PQEC-2018.jpg\"><img loading=\"lazy\" decoding=\"async\" data-attachment-id=\"249\" data-permalink=\"https:\/\/reunidoscontabil.com.br\/?attachment_id=249\" data-orig-file=\"https:\/\/reunidoscontabil.com.br\/wp-content\/uploads\/2018\/05\/Selo-PQEC-2018.jpg\" data-orig-size=\"1772,1591\" data-comments-opened=\"0\" data-image-meta=\"{&quot;aperture&quot;:&quot;0&quot;,&quot;credit&quot;:&quot;&quot;,&quot;camera&quot;:&quot;&quot;,&quot;caption&quot;:&quot;&quot;,&quot;created_timestamp&quot;:&quot;0&quot;,&quot;copyright&quot;:&quot;&quot;,&quot;focal_length&quot;:&quot;0&quot;,&quot;iso&quot;:&quot;0&quot;,&quot;shutter_speed&quot;:&quot;0&quot;,&quot;title&quot;:&quot;&quot;,&quot;orientation&quot;:&quot;0&quot;}\" data-image-title=\"pqec-2018\" data-image-description=\"\" data-image-caption=\"\" data-medium-file=\"https:\/\/reunidoscontabil.com.br\/wp-content\/uploads\/2018\/05\/Selo-PQEC-2018-300x269.jpg\" data-large-file=\"https:\/\/reunidoscontabil.com.br\/wp-content\/uploads\/2018\/05\/Selo-PQEC-2018-1024x919.jpg\" class=\"alignnone size-full wp-image-249\" src=\"http:\/\/web.reunidoscontabil.com.br\/wp-content\/uploads\/2018\/05\/Selo-PQEC-2018.jpg\" alt=\"pqec-2018\" width=\"170\" height=\"153\" srcset=\"https:\/\/reunidoscontabil.com.br\/wp-content\/uploads\/2018\/05\/Selo-PQEC-2018.jpg 1772w, https:\/\/reunidoscontabil.com.br\/wp-content\/uploads\/2018\/05\/Selo-PQEC-2018-300x269.jpg 300w, https:\/\/reunidoscontabil.com.br\/wp-content\/uploads\/2018\/05\/Selo-PQEC-2018-1024x919.jpg 1024w\" sizes=\"auto, (max-width: 170px) 100vw, 170px\" \/><\/a><\/p>\n","protected":false},"excerpt":{"rendered":"<p>PQEC &#8211; &#8220;Programa de Qualidade das Empresas Cont\u00e1beis&#8221;, \u00e9 um Programa de Certifica\u00e7\u00e3o que reconhece empresas cont\u00e1beis comprometidas com a \u00e9tica e a qualidade dos servi\u00e7os prestados. Criado pelo SESCON-SP e AESCON-SP, o PQEC tem como objetivo incentivar as empresas de servi\u00e7os cont\u00e1beis \u00e0 melhoria cont\u00ednua de seus processos e servi\u00e7os, sendo o Reunidos Contabilidade [&hellip;]<\/p>\n","protected":false},"author":1,"featured_media":0,"parent":0,"menu_order":7,"comment_status":"closed","ping_status":"closed","template":"","meta":{"jetpack_post_was_ever_published":false,"footnotes":""},"class_list":["post-28","page","type-page","status-publish","hentry"],"jetpack_sharing_enabled":true,"jetpack_shortlink":"https:\/\/wp.me\/P9irIL-s","jetpack-related-posts":[{"id":8,"url":"https:\/\/reunidoscontabil.com.br\/","url_meta":{"origin":28,"position":0},"title":"Empresa","author":"admin","date":"27 de novembro de 2015","format":false,"excerpt":"Empresa que atua no ramo da Contabilidade para ind\u00fastrias, com\u00e9rcios, condom\u00ednios, associa\u00e7\u00f5es em geral e prestadores de servi\u00e7os. Sediada na cidade de S\u00e3o Jos\u00e9 do Rio Preto - SP, desde 1983 sob esta dire\u00e7\u00e3o, portanto a mais de 35 anos prestando servi\u00e7os para empresas localizadas em S\u00e3o Jos\u00e9 do Rio\u2026","rel":"","context":"Post similar","block_context":{"text":"Post similar","link":""},"img":{"alt_text":"","src":"","width":0,"height":0},"classes":[]},{"id":12,"url":"https:\/\/reunidoscontabil.com.br\/?page_id=12","url_meta":{"origin":28,"position":1},"title":"Servi\u00e7os","author":"admin","date":"27 de novembro de 2015","format":false,"excerpt":"Reunidos Contabilidade \u00e9 uma empresa do segmento cont\u00e1bil preocupada com a satisfa\u00e7\u00e3o dos seus clientes, e desta forma procura atende-los de forma acolhedora e eficaz. Nossos servi\u00e7os s\u00e3o pautados em: Execu\u00e7\u00e3o de servi\u00e7os segmentados nos \u00e2mbitos Cont\u00e1bil, Tribut\u00e1rio, Fiscal e Trabalhista e Previdenci\u00e1rio; Execu\u00e7\u00e3o das rotinas referidas nos segmentos acima;\u2026","rel":"","context":"Post similar","block_context":{"text":"Post similar","link":""},"img":{"alt_text":"","src":"","width":0,"height":0},"classes":[]},{"id":26,"url":"https:\/\/reunidoscontabil.com.br\/?page_id=26","url_meta":{"origin":28,"position":2},"title":"Miss\u00e3o|Vis\u00e3o|Valores","author":"admin","date":"27 de novembro de 2015","format":false,"excerpt":"Miss\u00e3o Assessorar e executar tecnicamente as informa\u00e7\u00f5es para tomada de decis\u00f5es e sustentabilidade dos clientes, prestando servi\u00e7os com qualidade e compet\u00eancia, valorizando os talentos internos e priorizando a excel\u00eancia no atendimento. Vis\u00e3o Ser uma empresa modelo com excel\u00eancia no segmento Cont\u00e1bil, buscando inova\u00e7\u00f5es tecnol\u00f3gicas, objetivando a otimiza\u00e7\u00e3o de tempo, redu\u00e7\u00e3o\u2026","rel":"","context":"Post similar","block_context":{"text":"Post similar","link":""},"img":{"alt_text":"","src":"https:\/\/i0.wp.com\/reunidoscontabil.com.br\/wp-content\/uploads\/2015\/11\/mvv.png?resize=350%2C200&ssl=1","width":350,"height":200,"srcset":"https:\/\/i0.wp.com\/reunidoscontabil.com.br\/wp-content\/uploads\/2015\/11\/mvv.png?resize=350%2C200&ssl=1 1x, https:\/\/i0.wp.com\/reunidoscontabil.com.br\/wp-content\/uploads\/2015\/11\/mvv.png?resize=525%2C300&ssl=1 1.5x"},"classes":[]}],"_links":{"self":[{"href":"https:\/\/reunidoscontabil.com.br\/index.php?rest_route=\/wp\/v2\/pages\/28","targetHints":{"allow":["GET"]}}],"collection":[{"href":"https:\/\/reunidoscontabil.com.br\/index.php?rest_route=\/wp\/v2\/pages"}],"about":[{"href":"https:\/\/reunidoscontabil.com.br\/index.php?rest_route=\/wp\/v2\/types\/page"}],"author":[{"embeddable":true,"href":"https:\/\/reunidoscontabil.com.br\/index.php?rest_route=\/wp\/v2\/users\/1"}],"replies":[{"embeddable":true,"href":"https:\/\/reunidoscontabil.com.br\/index.php?rest_route=%2Fwp%2Fv2%2Fcomments&post=28"}],"version-history":[{"count":10,"href":"https:\/\/reunidoscontabil.com.br\/index.php?rest_route=\/wp\/v2\/pages\/28\/revisions"}],"predecessor-version":[{"id":250,"href":"https:\/\/reunidoscontabil.com.br\/index.php?rest_route=\/wp\/v2\/pages\/28\/revisions\/250"}],"wp:attachment":[{"href":"https:\/\/reunidoscontabil.com.br\/index.php?rest_route=%2Fwp%2Fv2%2Fmedia&parent=28"}],"curies":[{"name":"wp","href":"https:\/\/api.w.org\/{rel}","templated":true}]}}