{"id":73,"date":"2015-12-01T09:32:28","date_gmt":"2015-12-01T11:32:28","guid":{"rendered":"http:\/\/web.reunidoscontabil.com.br\/?page_id=73"},"modified":"2018-05-22T11:15:12","modified_gmt":"2018-05-22T14:15:12","slug":"contato","status":"publish","type":"page","link":"https:\/\/reunidoscontabil.com.br\/?page_id=73","title":{"rendered":"Contato"},"content":{"rendered":"<h3 align=\"center\"><\/h3>\n<style type=\"text\/css\">\n#contenedor0 { float:center;}\n#contenedor1 { float:left;}\n#contenedor2 { float:right;}\n#contenedor3 { float:left;}\n<\/style>\n<div id=\"contenedor0\">\n<div id=\"contenedor1\">\nRua Marechal Deodoro da Fonseca, n\u00ba 3806, Salas 11 e 12<br \/>\n&nbsp;<br \/>\nEdif. Jesus Cristo, Bairro Santa Cruz<br \/>\n&nbsp;<br \/>\nCEP: 15014-060 | S\u00e3o Jos\u00e9 do Rio Preto &#8211; SP<br \/>\n&nbsp;&nbsp;<\/p>\n<p>Fone\/WhatsApp: +55 (17) 3122-7000<br \/>\n&nbsp;&nbsp;<\/p>\n<p>E-mail: reunidos@reunidoscontabil.com.br<br \/>\n<\/b><\/div>\n<div id=\"contenedor2\"><iframe loading=\"lazy\" style=\"border: 0;\" src=\"https:\/\/www.google.com\/maps\/embed?pb=!1m18!1m12!1m3!1d3729.3428857276026!2d-49.37888768546987!3d-20.817855971904592!2m3!1f0!2f0!3f0!3m2!1i1024!2i768!4f13.1!3m3!1m2!1s0x94bdb2a7f4da8025%3A0x29560f0ce1845cf7!2sEscrit%C3%B3rio+Cont%C3%A1bil+Reunidos+S%2FC+Ltda!5e0!3m2!1spt-BR!2sbr!4v1448985175571\" width=\"450\" height=\"450\" frameborder=\"0\" allowfullscreen=\"allowfullscreen\"><\/iframe><br \/>\n<small><\/small><\/div>\n<\/div>\n<div id=\"contenedor3\">\n&nbsp;<\/p>\n<p style=\"text-align: left;\"><div role=\"form\" class=\"wpcf7\" id=\"wpcf7-f72-o1\" lang=\"pt-BR\" dir=\"ltr\">\n<div class=\"screen-reader-response\"><p role=\"status\" aria-live=\"polite\" aria-atomic=\"true\"><\/p> <ul><\/ul><\/div>\n<form action=\"\/index.php?rest_route=%2Fwp%2Fv2%2Fpages%2F73#wpcf7-f72-o1\" method=\"post\" class=\"wpcf7-form init\" novalidate=\"novalidate\" data-status=\"init\">\n<div style=\"display: none;\">\n<input type=\"hidden\" name=\"_wpcf7\" value=\"72\" \/>\n<input type=\"hidden\" name=\"_wpcf7_version\" value=\"5.6.4\" \/>\n<input type=\"hidden\" name=\"_wpcf7_locale\" value=\"pt_BR\" \/>\n<input type=\"hidden\" name=\"_wpcf7_unit_tag\" value=\"wpcf7-f72-o1\" \/>\n<input type=\"hidden\" name=\"_wpcf7_container_post\" value=\"0\" \/>\n<input type=\"hidden\" name=\"_wpcf7_posted_data_hash\" value=\"\" \/>\n<input type=\"hidden\" name=\"_wpcf7_recaptcha_response\" value=\"\" \/>\n<\/div>\n<p><b>Entre em contato conosco, estaremos sempre prontos a atend\u00ea-lo.<br \/>\nSua opini\u00e3o \u00e9 extremamente importante para nossa melhoria constante.<\/b><\/p>\n<p>Nome Completo (obrigat\u00f3rio)<br \/>\n    <span class=\"wpcf7-form-control-wrap\" data-name=\"your-name\"><input type=\"text\" name=\"your-name\" value=\"\" size=\"40\" class=\"wpcf7-form-control wpcf7-text wpcf7-validates-as-required\" aria-required=\"true\" aria-invalid=\"false\" \/><\/span> <\/p>\n<p>E-mail (obrigat\u00f3rio)<br \/>\n    <span class=\"wpcf7-form-control-wrap\" data-name=\"your-email\"><input type=\"email\" name=\"your-email\" value=\"\" size=\"40\" class=\"wpcf7-form-control wpcf7-text wpcf7-email wpcf7-validates-as-required wpcf7-validates-as-email\" aria-required=\"true\" aria-invalid=\"false\" placeholder=\"exemplo@exemplo.com\" \/><\/span> <\/p>\n<p>Fone Fixo (opcional)<br \/>\n    <span class=\"wpcf7-form-control-wrap\" data-name=\"tel-comercial\"><input type=\"tel\" name=\"tel-comercial\" value=\"\" size=\"40\" class=\"wpcf7-form-control wpcf7-text wpcf7-tel wpcf7-validates-as-tel\" aria-invalid=\"false\" placeholder=\"(00) 0000-0000\" \/><\/span> <\/p>\n<p>Fone Celular (obrigat\u00f3rio)<br \/>\n    <span class=\"wpcf7-form-control-wrap\" data-name=\"tel-celular\"><input type=\"tel\" name=\"tel-celular\" value=\"\" size=\"40\" class=\"wpcf7-form-control wpcf7-text wpcf7-tel wpcf7-validates-as-required wpcf7-validates-as-tel\" aria-required=\"true\" aria-invalid=\"false\" placeholder=\"(00) 90000-0000\" \/><\/span> <\/p>\n<p>Departamento<br \/>\n<span class=\"wpcf7-form-control-wrap\" data-name=\"menu-departamento\"><select name=\"menu-departamento\" class=\"wpcf7-form-control wpcf7-select wpcf7-validates-as-required\" aria-required=\"true\" aria-invalid=\"false\"><option value=\"Cont\u00e1bil\">Cont\u00e1bil<\/option><option value=\"Fiscal\">Fiscal<\/option><option value=\"Pessoal\">Pessoal<\/option><option value=\"Diretoria\">Diretoria<\/option><option value=\"Financeiro\">Financeiro<\/option><option value=\"Qualidade\">Qualidade<\/option><option value=\"Controle\">Controle<\/option><option value=\"TI -Inform\u00e1tica\">TI -Inform\u00e1tica<\/option><\/select><\/span><\/p>\n<p>Assunto<br \/>\n    <span class=\"wpcf7-form-control-wrap\" data-name=\"menu-assunto\"><select name=\"menu-assunto\" class=\"wpcf7-form-control wpcf7-select wpcf7-validates-as-required\" aria-required=\"true\" aria-invalid=\"false\"><option value=\"Elogio\">Elogio<\/option><option value=\"Reclama\u00e7\u00e3o\">Reclama\u00e7\u00e3o<\/option><option value=\"Sugest\u00e3o\">Sugest\u00e3o<\/option><option value=\"D\u00favida\">D\u00favida<\/option><option value=\"Or\u00e7amento\">Or\u00e7amento<\/option><\/select><\/span><\/p>\n<p>Mensagem <br \/>\n    <span class=\"wpcf7-form-control-wrap\" data-name=\"your-message\"><textarea name=\"your-message\" cols=\"40\" rows=\"10\" class=\"wpcf7-form-control wpcf7-textarea\" aria-invalid=\"false\"><\/textarea><\/span> <\/p>\n\n<p><\/p>\n<p><input type=\"submit\" value=\"Enviar\" class=\"wpcf7-form-control has-spinner wpcf7-submit\" \/><\/p>\n<p style=\"display: none !important;\"><label>&#916;<textarea name=\"_wpcf7_ak_hp_textarea\" cols=\"45\" rows=\"8\" maxlength=\"100\"><\/textarea><\/label><input type=\"hidden\" id=\"ak_js_1\" name=\"_wpcf7_ak_js\" value=\"9\"\/><script>document.getElementById( \"ak_js_1\" ).setAttribute( \"value\", ( new Date() ).getTime() );<\/script><\/p><div class=\"wpcf7-response-output\" aria-hidden=\"true\"><\/div><\/form><\/div><\/p>\n<\/div>\n","protected":false},"excerpt":{"rendered":"<p>Rua Marechal Deodoro da Fonseca, n\u00ba 3806, Salas 11 e 12 &nbsp; Edif. Jesus Cristo, Bairro Santa Cruz &nbsp; CEP: 15014-060 | S\u00e3o Jos\u00e9 do Rio Preto &#8211; SP &nbsp;&nbsp; Fone\/WhatsApp: +55 (17) 3122-7000 &nbsp;&nbsp; E-mail: reunidos@reunidoscontabil.com.br &nbsp;<\/p>\n","protected":false},"author":1,"featured_media":0,"parent":0,"menu_order":10,"comment_status":"closed","ping_status":"closed","template":"","meta":{"jetpack_post_was_ever_published":false,"footnotes":""},"class_list":["post-73","page","type-page","status-publish","hentry"],"jetpack_sharing_enabled":true,"jetpack_shortlink":"https:\/\/wp.me\/P9irIL-1b","jetpack-related-posts":[{"id":8,"url":"https:\/\/reunidoscontabil.com.br\/","url_meta":{"origin":73,"position":0},"title":"Empresa","author":"admin","date":"27 de novembro de 2015","format":false,"excerpt":"Empresa que atua no ramo da Contabilidade para ind\u00fastrias, com\u00e9rcios, condom\u00ednios, associa\u00e7\u00f5es em geral e prestadores de servi\u00e7os. Sediada na cidade de S\u00e3o Jos\u00e9 do Rio Preto - SP, desde 1983 sob esta dire\u00e7\u00e3o, portanto a mais de 35 anos prestando servi\u00e7os para empresas localizadas em S\u00e3o Jos\u00e9 do Rio\u2026","rel":"","context":"Post similar","block_context":{"text":"Post similar","link":""},"img":{"alt_text":"","src":"","width":0,"height":0},"classes":[]},{"id":12,"url":"https:\/\/reunidoscontabil.com.br\/?page_id=12","url_meta":{"origin":73,"position":1},"title":"Servi\u00e7os","author":"admin","date":"27 de novembro de 2015","format":false,"excerpt":"Reunidos Contabilidade \u00e9 uma empresa do segmento cont\u00e1bil preocupada com a satisfa\u00e7\u00e3o dos seus clientes, e desta forma procura atende-los de forma acolhedora e eficaz. Nossos servi\u00e7os s\u00e3o pautados em: Execu\u00e7\u00e3o de servi\u00e7os segmentados nos \u00e2mbitos Cont\u00e1bil, Tribut\u00e1rio, Fiscal e Trabalhista e Previdenci\u00e1rio; Execu\u00e7\u00e3o das rotinas referidas nos segmentos acima;\u2026","rel":"","context":"Post similar","block_context":{"text":"Post similar","link":""},"img":{"alt_text":"","src":"","width":0,"height":0},"classes":[]},{"id":28,"url":"https:\/\/reunidoscontabil.com.br\/?page_id=28","url_meta":{"origin":73,"position":2},"title":"PQEC","author":"admin","date":"27 de novembro de 2015","format":false,"excerpt":"PQEC - \"Programa de Qualidade das Empresas Cont\u00e1beis\", \u00e9 um Programa de Certifica\u00e7\u00e3o que reconhece empresas cont\u00e1beis comprometidas com a \u00e9tica e a qualidade dos servi\u00e7os prestados. Criado pelo SESCON-SP e AESCON-SP, o PQEC tem como objetivo incentivar as empresas de servi\u00e7os cont\u00e1beis \u00e0 melhoria cont\u00ednua de seus processos e\u2026","rel":"","context":"Post similar","block_context":{"text":"Post similar","link":""},"img":{"alt_text":"","src":"","width":0,"height":0},"classes":[]},{"id":26,"url":"https:\/\/reunidoscontabil.com.br\/?page_id=26","url_meta":{"origin":73,"position":3},"title":"Miss\u00e3o|Vis\u00e3o|Valores","author":"admin","date":"27 de novembro de 2015","format":false,"excerpt":"Miss\u00e3o Assessorar e executar tecnicamente as informa\u00e7\u00f5es para tomada de decis\u00f5es e sustentabilidade dos clientes, prestando servi\u00e7os com qualidade e compet\u00eancia, valorizando os talentos internos e priorizando a excel\u00eancia no atendimento. Vis\u00e3o Ser uma empresa modelo com excel\u00eancia no segmento Cont\u00e1bil, buscando inova\u00e7\u00f5es tecnol\u00f3gicas, objetivando a otimiza\u00e7\u00e3o de tempo, redu\u00e7\u00e3o\u2026","rel":"","context":"Post similar","block_context":{"text":"Post similar","link":""},"img":{"alt_text":"","src":"https:\/\/i0.wp.com\/reunidoscontabil.com.br\/wp-content\/uploads\/2015\/11\/mvv.png?resize=350%2C200&ssl=1","width":350,"height":200,"srcset":"https:\/\/i0.wp.com\/reunidoscontabil.com.br\/wp-content\/uploads\/2015\/11\/mvv.png?resize=350%2C200&ssl=1 1x, https:\/\/i0.wp.com\/reunidoscontabil.com.br\/wp-content\/uploads\/2015\/11\/mvv.png?resize=525%2C300&ssl=1 1.5x"},"classes":[]},{"id":24,"url":"https:\/\/reunidoscontabil.com.br\/?page_id=24","url_meta":{"origin":73,"position":4},"title":"Facilitador","author":"admin","date":"27 de novembro de 2015","format":false,"excerpt":"* Suporte Remoto - AnyDesk - p\/ Windows * Obriga\u00e7\u00f5es - Agendas Federal\/Estaduais\/Trabalhista - Obriga\u00e7\u00f5es Fiscais (Calend\u00e1rio - Federal\/Estadual) * Certid\u00f5es - Certid\u00f5es Negativas - Federal, Estadual e Municipal * Miscel\u00e2nia (diversos) - Modelos de Documentos - Consultas, Declara\u00e7\u00f5es, Legisla\u00e7\u00f5es e Secretarias Diversas - Tabelas Pr\u00e1ticas - C\u00e1lculos Financeiros e\u2026","rel":"","context":"Post similar","block_context":{"text":"Post similar","link":""},"img":{"alt_text":"","src":"https:\/\/i0.wp.com\/reunidoscontabil.com.br\/wp-content\/uploads\/2015\/11\/obrigacoes.jpg?resize=350%2C200&ssl=1","width":350,"height":200,"srcset":"https:\/\/i0.wp.com\/reunidoscontabil.com.br\/wp-content\/uploads\/2015\/11\/obrigacoes.jpg?resize=350%2C200&ssl=1 1x, https:\/\/i0.wp.com\/reunidoscontabil.com.br\/wp-content\/uploads\/2015\/11\/obrigacoes.jpg?resize=525%2C300&ssl=1 1.5x"},"classes":[]}],"_links":{"self":[{"href":"https:\/\/reunidoscontabil.com.br\/index.php?rest_route=\/wp\/v2\/pages\/73","targetHints":{"allow":["GET"]}}],"collection":[{"href":"https:\/\/reunidoscontabil.com.br\/index.php?rest_route=\/wp\/v2\/pages"}],"about":[{"href":"https:\/\/reunidoscontabil.com.br\/index.php?rest_route=\/wp\/v2\/types\/page"}],"author":[{"embeddable":true,"href":"https:\/\/reunidoscontabil.com.br\/index.php?rest_route=\/wp\/v2\/users\/1"}],"replies":[{"embeddable":true,"href":"https:\/\/reunidoscontabil.com.br\/index.php?rest_route=%2Fwp%2Fv2%2Fcomments&post=73"}],"version-history":[{"count":53,"href":"https:\/\/reunidoscontabil.com.br\/index.php?rest_route=\/wp\/v2\/pages\/73\/revisions"}],"predecessor-version":[{"id":266,"href":"https:\/\/reunidoscontabil.com.br\/index.php?rest_route=\/wp\/v2\/pages\/73\/revisions\/266"}],"wp:attachment":[{"href":"https:\/\/reunidoscontabil.com.br\/index.php?rest_route=%2Fwp%2Fv2%2Fmedia&parent=73"}],"curies":[{"name":"wp","href":"https:\/\/api.w.org\/{rel}","templated":true}]}}