{"id":8,"date":"2015-11-27T18:06:23","date_gmt":"2015-11-27T20:06:23","guid":{"rendered":"http:\/\/web.reunidoscontabil.com.br\/?page_id=8"},"modified":"2018-05-22T11:28:22","modified_gmt":"2018-05-22T14:28:22","slug":"empresa","status":"publish","type":"page","link":"https:\/\/reunidoscontabil.com.br\/","title":{"rendered":"Empresa"},"content":{"rendered":"<p>Empresa que atua no ramo da Contabilidade para ind\u00fastrias, com\u00e9rcios, condom\u00ednios, associa\u00e7\u00f5es em geral e prestadores de servi\u00e7os.<\/p>\n<p>Sediada na cidade de S\u00e3o Jos\u00e9 do Rio Preto &#8211; SP, desde 1983 sob esta dire\u00e7\u00e3o, portanto a mais de 35 anos prestando servi\u00e7os para empresas localizadas em S\u00e3o Jos\u00e9 do Rio Preto e Regi\u00e3o, S\u00e3o Paulo e outras cidades do Estado.<\/p>\n<p>Esta empresa encontra-se instalada no Edif\u00edcio Jesus Cristo, que agrega o Centro Empresarial Reunidos, sendo formada por profissionais dedicados e comprometidos com o sucesso dos seus clientes.<\/p>\n<p>Um dos diretores \u00e9 contador, economista, p\u00f3s graduado em auditoria, professor universit\u00e1rio e aprovado no concurso para Agente Fiscal de Rendas do ICMS-SP\/1986. Sendo tamb\u00e9m, presidente da ASSESCRIP (Associa\u00e7\u00e3o das Empresas de Servi\u00e7os Cont\u00e1beis de S\u00e3o Jos\u00e9 do Rio Preto e Regi\u00e3o) na gest\u00e3o 2012-2014.<\/p>\n<p>O Reunidos Contabilidade conta com uma estrutura funcional que est\u00e1 sendo um exemplo para S\u00e3o Jos\u00e9 do Rio Preto.<\/p>\n<p>Dispomos de atendimento personalizado aos clientes, sendo este prestado pelos diretores e colaboradores, nas diversas salas dispon\u00edveis para tal fim.<\/p>\n<p>Com uma estrutura organizacional totalmente informatizada, apoiada em software desenvolvido espec\u00edfico da \u00e1rea, objetivando o controle geral de documentos, regimes tribut\u00e1rios, valores de faturamento para enquadramento nos determinados regimes, arquivos, etc., essa equipe busca realizar as fun\u00e7\u00f5es operacionais com seguran\u00e7a e sempre mantendo a \u00e9tica profissional.<\/p>\n<h1>Organograma<br \/>\n<a href=\"http:\/\/web.reunidoscontabil.com.br\/wp-content\/uploads\/2015\/11\/organograma.gif\"><img loading=\"lazy\" decoding=\"async\" data-attachment-id=\"58\" data-permalink=\"https:\/\/reunidoscontabil.com.br\/?attachment_id=58\" data-orig-file=\"https:\/\/reunidoscontabil.com.br\/wp-content\/uploads\/2015\/11\/organograma.gif\" data-orig-size=\"994,185\" data-comments-opened=\"0\" data-image-meta=\"{&quot;aperture&quot;:&quot;0&quot;,&quot;credit&quot;:&quot;&quot;,&quot;camera&quot;:&quot;&quot;,&quot;caption&quot;:&quot;&quot;,&quot;created_timestamp&quot;:&quot;0&quot;,&quot;copyright&quot;:&quot;&quot;,&quot;focal_length&quot;:&quot;0&quot;,&quot;iso&quot;:&quot;0&quot;,&quot;shutter_speed&quot;:&quot;0&quot;,&quot;title&quot;:&quot;&quot;,&quot;orientation&quot;:&quot;0&quot;}\" data-image-title=\"organograma\" data-image-description=\"\" data-image-caption=\"\" data-medium-file=\"https:\/\/reunidoscontabil.com.br\/wp-content\/uploads\/2015\/11\/organograma.gif\" data-large-file=\"https:\/\/reunidoscontabil.com.br\/wp-content\/uploads\/2015\/11\/organograma.gif\" class=\"alignnone size-full wp-image-58\" src=\"http:\/\/web.reunidoscontabil.com.br\/wp-content\/uploads\/2015\/11\/organograma.gif\" alt=\"organograma\" width=\"994\" height=\"185\" \/><\/a><\/h1>\n","protected":false},"excerpt":{"rendered":"<p>Empresa que atua no ramo da Contabilidade para ind\u00fastrias, com\u00e9rcios, condom\u00ednios, associa\u00e7\u00f5es em geral e prestadores de servi\u00e7os. Sediada na cidade de S\u00e3o Jos\u00e9 do Rio Preto &#8211; SP, desde 1983 sob esta dire\u00e7\u00e3o, portanto a mais de 35 anos prestando servi\u00e7os para empresas localizadas em S\u00e3o Jos\u00e9 do Rio Preto e Regi\u00e3o, S\u00e3o Paulo [&hellip;]<\/p>\n","protected":false},"author":1,"featured_media":0,"parent":0,"menu_order":1,"comment_status":"closed","ping_status":"closed","template":"","meta":{"jetpack_post_was_ever_published":false,"footnotes":""},"class_list":["post-8","page","type-page","status-publish","hentry"],"jetpack_sharing_enabled":true,"jetpack_shortlink":"https:\/\/wp.me\/P9irIL-8","jetpack-related-posts":[{"id":12,"url":"https:\/\/reunidoscontabil.com.br\/?page_id=12","url_meta":{"origin":8,"position":0},"title":"Servi\u00e7os","author":"admin","date":"27 de novembro de 2015","format":false,"excerpt":"Reunidos Contabilidade \u00e9 uma empresa do segmento cont\u00e1bil preocupada com a satisfa\u00e7\u00e3o dos seus clientes, e desta forma procura atende-los de forma acolhedora e eficaz. Nossos servi\u00e7os s\u00e3o pautados em: Execu\u00e7\u00e3o de servi\u00e7os segmentados nos \u00e2mbitos Cont\u00e1bil, Tribut\u00e1rio, Fiscal e Trabalhista e Previdenci\u00e1rio; Execu\u00e7\u00e3o das rotinas referidas nos segmentos acima;\u2026","rel":"","context":"Post similar","block_context":{"text":"Post similar","link":""},"img":{"alt_text":"","src":"","width":0,"height":0},"classes":[]},{"id":28,"url":"https:\/\/reunidoscontabil.com.br\/?page_id=28","url_meta":{"origin":8,"position":1},"title":"PQEC","author":"admin","date":"27 de novembro de 2015","format":false,"excerpt":"PQEC - \"Programa de Qualidade das Empresas Cont\u00e1beis\", \u00e9 um Programa de Certifica\u00e7\u00e3o que reconhece empresas cont\u00e1beis comprometidas com a \u00e9tica e a qualidade dos servi\u00e7os prestados. Criado pelo SESCON-SP e AESCON-SP, o PQEC tem como objetivo incentivar as empresas de servi\u00e7os cont\u00e1beis \u00e0 melhoria cont\u00ednua de seus processos e\u2026","rel":"","context":"Post similar","block_context":{"text":"Post similar","link":""},"img":{"alt_text":"","src":"","width":0,"height":0},"classes":[]},{"id":73,"url":"https:\/\/reunidoscontabil.com.br\/?page_id=73","url_meta":{"origin":8,"position":2},"title":"Contato","author":"admin","date":"1 de dezembro de 2015","format":false,"excerpt":"Rua Marechal Deodoro da Fonseca, n\u00ba 3806, Salas 11 e 12 \u00a0 Edif. Jesus Cristo, Bairro Santa Cruz \u00a0 CEP: 15014-060 | S\u00e3o Jos\u00e9 do Rio Preto - SP \u00a0\u00a0 Fone\/WhatsApp: +55 (17) 3122-7000 \u00a0\u00a0 E-mail: reunidos@reunidoscontabil.com.br \u00a0","rel":"","context":"Post similar","block_context":{"text":"Post similar","link":""},"img":{"alt_text":"","src":"","width":0,"height":0},"classes":[]},{"id":26,"url":"https:\/\/reunidoscontabil.com.br\/?page_id=26","url_meta":{"origin":8,"position":3},"title":"Miss\u00e3o|Vis\u00e3o|Valores","author":"admin","date":"27 de novembro de 2015","format":false,"excerpt":"Miss\u00e3o Assessorar e executar tecnicamente as informa\u00e7\u00f5es para tomada de decis\u00f5es e sustentabilidade dos clientes, prestando servi\u00e7os com qualidade e compet\u00eancia, valorizando os talentos internos e priorizando a excel\u00eancia no atendimento. Vis\u00e3o Ser uma empresa modelo com excel\u00eancia no segmento Cont\u00e1bil, buscando inova\u00e7\u00f5es tecnol\u00f3gicas, objetivando a otimiza\u00e7\u00e3o de tempo, redu\u00e7\u00e3o\u2026","rel":"","context":"Post similar","block_context":{"text":"Post similar","link":""},"img":{"alt_text":"","src":"https:\/\/i0.wp.com\/reunidoscontabil.com.br\/wp-content\/uploads\/2015\/11\/mvv.png?resize=350%2C200&ssl=1","width":350,"height":200,"srcset":"https:\/\/i0.wp.com\/reunidoscontabil.com.br\/wp-content\/uploads\/2015\/11\/mvv.png?resize=350%2C200&ssl=1 1x, https:\/\/i0.wp.com\/reunidoscontabil.com.br\/wp-content\/uploads\/2015\/11\/mvv.png?resize=525%2C300&ssl=1 1.5x"},"classes":[]}],"_links":{"self":[{"href":"https:\/\/reunidoscontabil.com.br\/index.php?rest_route=\/wp\/v2\/pages\/8","targetHints":{"allow":["GET"]}}],"collection":[{"href":"https:\/\/reunidoscontabil.com.br\/index.php?rest_route=\/wp\/v2\/pages"}],"about":[{"href":"https:\/\/reunidoscontabil.com.br\/index.php?rest_route=\/wp\/v2\/types\/page"}],"author":[{"embeddable":true,"href":"https:\/\/reunidoscontabil.com.br\/index.php?rest_route=\/wp\/v2\/users\/1"}],"replies":[{"embeddable":true,"href":"https:\/\/reunidoscontabil.com.br\/index.php?rest_route=%2Fwp%2Fv2%2Fcomments&post=8"}],"version-history":[{"count":5,"href":"https:\/\/reunidoscontabil.com.br\/index.php?rest_route=\/wp\/v2\/pages\/8\/revisions"}],"predecessor-version":[{"id":267,"href":"https:\/\/reunidoscontabil.com.br\/index.php?rest_route=\/wp\/v2\/pages\/8\/revisions\/267"}],"wp:attachment":[{"href":"https:\/\/reunidoscontabil.com.br\/index.php?rest_route=%2Fwp%2Fv2%2Fmedia&parent=8"}],"curies":[{"name":"wp","href":"https:\/\/api.w.org\/{rel}","templated":true}]}}